{"id":14,"date":"2021-06-07T01:05:25","date_gmt":"2021-06-06T23:05:25","guid":{"rendered":"https:\/\/corsetrike.com\/?page_id=14"},"modified":"2021-07-04T21:13:50","modified_gmt":"2021-07-04T19:13:50","slug":"faq","status":"publish","type":"page","link":"https:\/\/corsetrike.com\/?page_id=14","title":{"rendered":"FAQ"},"content":{"rendered":"[vc_row type=\u00a0\u00bbfull_width_background\u00a0\u00bb full_screen_row_position=\u00a0\u00bbmiddle\u00a0\u00bb column_margin=\u00a0\u00bbdefault\u00a0\u00bb bg_image=\u00a0\u00bb118&Prime; bg_position=\u00a0\u00bbcenter center\u00a0\u00bb bg_repeat=\u00a0\u00bbno-repeat\u00a0\u00bb scene_position=\u00a0\u00bbcenter\u00a0\u00bb text_color=\u00a0\u00bblight\u00a0\u00bb text_align=\u00a0\u00bbleft\u00a0\u00bb top_padding=\u00a0\u00bb10%\u00a0\u00bb bottom_padding=\u00a0\u00bb10%\u00a0\u00bb color_overlay=\u00a0\u00bb#ee7531&Prime; overlay_strength=\u00a0\u00bb0.3&Prime; shape_divider_position=\u00a0\u00bbbottom\u00a0\u00bb bg_image_animation=\u00a0\u00bbnone\u00a0\u00bb shape_type=\u00a0\u00bb\u00a0\u00bb][vc_column column_padding=\u00a0\u00bbno-extra-padding\u00a0\u00bb column_padding_position=\u00a0\u00bball\u00a0\u00bb background_color_opacity=\u00a0\u00bb1&Prime; background_hover_color_opacity=\u00a0\u00bb1&Prime; column_link_target=\u00a0\u00bb_self\u00a0\u00bb column_shadow=\u00a0\u00bbnone\u00a0\u00bb column_border_radius=\u00a0\u00bbnone\u00a0\u00bb width=\u00a0\u00bb1\/1&Prime; tablet_width_inherit=\u00a0\u00bbdefault\u00a0\u00bb tablet_text_alignment=\u00a0\u00bbdefault\u00a0\u00bb phone_text_alignment=\u00a0\u00bbdefault\u00a0\u00bb overlay_strength=\u00a0\u00bb0.3&Prime; column_border_width=\u00a0\u00bbnone\u00a0\u00bb column_border_style=\u00a0\u00bbsolid\u00a0\u00bb bg_image_animation=\u00a0\u00bbnone\u00a0\u00bb][vc_row_inner column_margin=\u00a0\u00bbdefault\u00a0\u00bb text_align=\u00a0\u00bbleft\u00a0\u00bb][vc_column_inner column_padding=\u00a0\u00bbno-extra-padding\u00a0\u00bb column_padding_position=\u00a0\u00bball\u00a0\u00bb centered_text=\u00a0\u00bbtrue\u00a0\u00bb background_color_opacity=\u00a0\u00bb1&Prime; background_hover_color_opacity=\u00a0\u00bb1&Prime; column_shadow=\u00a0\u00bbnone\u00a0\u00bb column_border_radius=\u00a0\u00bbnone\u00a0\u00bb column_link_target=\u00a0\u00bb_self\u00a0\u00bb width=\u00a0\u00bb1\/1&Prime; tablet_width_inherit=\u00a0\u00bbdefault\u00a0\u00bb overlay_strength=\u00a0\u00bb0.3&Prime; column_border_width=\u00a0\u00bbnone\u00a0\u00bb column_border_style=\u00a0\u00bbsolid\u00a0\u00bb bg_image_animation=\u00a0\u00bbnone\u00a0\u00bb enable_animation=\u00a0\u00bbtrue\u00a0\u00bb animation=\u00a0\u00bbfade-in-from-bottom\u00a0\u00bb][vc_custom_heading text=\u00a0\u00bbCORSE TRIKE\u00a0\u00bb font_container=\u00a0\u00bbtag:h4|text_align:center\u00a0\u00bb google_fonts=\u00a0\u00bbfont_family:Montserrat%3Aregular%2C700|font_style:400%20regular%3A400%3Anormal\u00a0\u00bb][vc_custom_heading text=\u00a0\u00bbFAQ\u00a0\u00bb font_container=\u00a0\u00bbtag:h2|font_size:40|text_align:center\u00a0\u00bb google_fonts=\u00a0\u00bbfont_family:Montserrat%3Aregular%2C700|font_style:700%20bold%20regular%3A700%3Anormal\u00a0\u00bb][\/vc_column_inner][\/vc_row_inner][\/vc_column][\/vc_row][vc_row type=\u00a0\u00bbfull_width_background\u00a0\u00bb full_screen_row_position=\u00a0\u00bbmiddle\u00a0\u00bb column_margin=\u00a0\u00bbdefault\u00a0\u00bb bg_color=\u00a0\u00bb#f7f7f7&Prime; scene_position=\u00a0\u00bbcenter\u00a0\u00bb text_color=\u00a0\u00bbdark\u00a0\u00bb text_align=\u00a0\u00bbleft\u00a0\u00bb top_padding=\u00a0\u00bb100&Prime; bottom_padding=\u00a0\u00bb100&Prime; overlay_strength=\u00a0\u00bb0.3&Prime; shape_divider_position=\u00a0\u00bbbottom\u00a0\u00bb bg_image_animation=\u00a0\u00bbnone\u00a0\u00bb][vc_column column_padding=\u00a0\u00bbno-extra-padding\u00a0\u00bb column_padding_position=\u00a0\u00bball\u00a0\u00bb background_color_opacity=\u00a0\u00bb1&Prime; background_hover_color_opacity=\u00a0\u00bb1&Prime; column_link_target=\u00a0\u00bb_self\u00a0\u00bb column_shadow=\u00a0\u00bbnone\u00a0\u00bb column_border_radius=\u00a0\u00bbnone\u00a0\u00bb width=\u00a0\u00bb1\/1&Prime; tablet_width_inherit=\u00a0\u00bbdefault\u00a0\u00bb tablet_text_alignment=\u00a0\u00bbdefault\u00a0\u00bb phone_text_alignment=\u00a0\u00bbdefault\u00a0\u00bb overlay_strength=\u00a0\u00bb0.3&Prime; column_border_width=\u00a0\u00bbnone\u00a0\u00bb column_border_style=\u00a0\u00bbsolid\u00a0\u00bb bg_image_animation=\u00a0\u00bbnone\u00a0\u00bb][toggles style=\u00a0\u00bbminimal\u00a0\u00bb][toggle color=\u00a0\u00bbAccent-Color\u00a0\u00bb title=\u00a0\u00bb\u00c0 PARTIR DE QUEL \u00c2GE POUVONS-NOUS FAIRE UNE RANDONN\u00c9E EN QUAD ?\u00a0\u00bb][vc_column_text]\n<p class=\"p1\"><strong>Conducteur :<\/strong> permis voiture (B) VALIDE<\/p>\n<p class=\"p1\"><strong>Passager :<\/strong> \u00e0 partir de 4\/5ans<\/p>\n<p><strong><span style=\"font-size: 8pt;\">* Nos randonn\u00e9es n&rsquo;ont rien de sportif, ce sont des balades touristiques et familiales.<\/span><\/strong>[\/vc_column_text][\/toggle][toggle color=\u00a0\u00bbAccent-Color\u00a0\u00bb title=\u00a0\u00bbCOMMENT S&rsquo;HABILLER POUR FAIRE UNE RANDONN\u00c9E ?\u00a0\u00bb][vc_column_text]\n<ul class=\"ul1\">\n<li class=\"li1\"><strong>Chaussures ferm\u00e9es ou baskets<\/strong><\/li>\n<li class=\"li1\"><strong>Pantalon ou pantacourt<\/strong><\/li>\n<li class=\"li1\"><strong>Lunette de soleil<\/strong><\/li>\n<li class=\"li1\"><strong>Pr\u00e9voir une bouteille d\u2019eau<\/strong><\/li>\n<\/ul>\n<p><strong><span style=\"font-size: 8pt;\">* Pas de short, maillots de bain, sandales \/ tongs&#8230;<\/span><\/strong>[\/vc_column_text][\/toggle][toggle color=\u00a0\u00bbAccent-Color\u00a0\u00bb title=\u00a0\u00bbCOMMENT R\u00c9SERVER ?\u00a0\u00bb][vc_column_text]\n<p class=\"p1\"><strong>Par telephone au<\/strong> <a href=\"tel:0670959367\"><strong>06 70 95 93 67<\/strong><\/a><\/p>\n<p>&nbsp;<\/p>\n<p class=\"p1\"><strong>Combien de temps \u00e0 l\u2019avance ?<\/strong><\/p>\n<p class=\"p1\">Des fois le matin pour l\u2019apr\u00e8s-midi suffi mais mieux vaut pr\u00e9voir quelques jours avant pour assurer une place disponible.<\/p>\n[\/vc_column_text][\/toggle][toggle color=\u00a0\u00bbAccent-Color\u00a0\u00bb title=\u00a0\u00bbQUEL MOYENS DE PAIEMENT SONT DISPONIBLE ?\u00a0\u00bb][vc_column_text]<strong>Afin de r\u00e9gler votre randonn\u00e9e CORSE TRIKE accepte :<\/strong><\/p>\n<ul>\n<li><strong>Esp\u00e8ces<\/strong><\/li>\n<li><strong>Cheques<\/strong><\/li>\n<li><strong>Cheques vacances<\/strong><\/li>\n<\/ul>\n<p><span style=\"font-size: 8pt;\"><strong>Merci pour votre compr\u00e9hension<\/strong><\/span>[\/vc_column_text][\/toggle][\/toggles][divider line_type=\u00a0\u00bbNo Line\u00a0\u00bb custom_height=\u00a0\u00bb10&Prime;][\/vc_column][\/vc_row]\n","protected":false},"excerpt":{"rendered":"<p>[vc_row type=\u00a0\u00bbfull_width_background\u00a0\u00bb full_screen_row_position=\u00a0\u00bbmiddle\u00a0\u00bb column_margin=\u00a0\u00bbdefault\u00a0\u00bb bg_image=\u00a0\u00bb118&Prime; bg_position=\u00a0\u00bbcenter center\u00a0\u00bb bg_repeat=\u00a0\u00bbno-repeat\u00a0\u00bb scene_position=\u00a0\u00bbcenter\u00a0\u00bb text_color=\u00a0\u00bblight\u00a0\u00bb text_align=\u00a0\u00bbleft\u00a0\u00bb top_padding=\u00a0\u00bb10%\u00a0\u00bb bottom_padding=\u00a0\u00bb10%\u00a0\u00bb color_overlay=\u00a0\u00bb#ee7531&Prime; overlay_strength=\u00a0\u00bb0.3&Prime; shape_divider_position=\u00a0\u00bbbottom\u00a0\u00bb bg_image_animation=\u00a0\u00bbnone\u00a0\u00bb shape_type=\u00a0\u00bb\u00a0\u00bb][vc_column column_padding=\u00a0\u00bbno-extra-padding\u00a0\u00bb column_padding_position=\u00a0\u00bball\u00a0\u00bb background_color_opacity=\u00a0\u00bb1&Prime; background_hover_color_opacity=\u00a0\u00bb1&Prime; column_link_target=\u00a0\u00bb_self\u00a0\u00bb column_shadow=\u00a0\u00bbnone\u00a0\u00bb column_border_radius=\u00a0\u00bbnone\u00a0\u00bb width=\u00a0\u00bb1\/1&Prime; tablet_width_inherit=\u00a0\u00bbdefault\u00a0\u00bb tablet_text_alignment=\u00a0\u00bbdefault\u00a0\u00bb phone_text_alignment=\u00a0\u00bbdefault\u00a0\u00bb overlay_strength=\u00a0\u00bb0.3&Prime;&#8230;<\/p>\n","protected":false},"author":1,"featured_media":0,"parent":0,"menu_order":0,"comment_status":"closed","ping_status":"closed","template":"","meta":[],"yoast_head":"<!-- This site is optimized with the Yoast SEO plugin v17.6 - https:\/\/yoast.com\/wordpress\/plugins\/seo\/ -->\n<title>FAQ - CORSE TRIKE<\/title>\n<meta name=\"robots\" content=\"index, follow, max-snippet:-1, max-image-preview:large, max-video-preview:-1\" \/>\n<link rel=\"canonical\" href=\"https:\/\/corsetrike.com\/?page_id=14\" \/>\n<meta property=\"og:locale\" content=\"fr_FR\" \/>\n<meta property=\"og:type\" content=\"article\" \/>\n<meta property=\"og:title\" content=\"FAQ - CORSE TRIKE\" \/>\n<meta property=\"og:description\" content=\"[vc_row type=\u00a0\u00bbfull_width_background\u00a0\u00bb full_screen_row_position=\u00a0\u00bbmiddle\u00a0\u00bb column_margin=\u00a0\u00bbdefault\u00a0\u00bb bg_image=\u00a0\u00bb118&Prime; bg_position=\u00a0\u00bbcenter center\u00a0\u00bb bg_repeat=\u00a0\u00bbno-repeat\u00a0\u00bb scene_position=\u00a0\u00bbcenter\u00a0\u00bb text_color=\u00a0\u00bblight\u00a0\u00bb text_align=\u00a0\u00bbleft\u00a0\u00bb top_padding=\u00a0\u00bb10%\u00a0\u00bb bottom_padding=\u00a0\u00bb10%\u00a0\u00bb color_overlay=\u00a0\u00bb#ee7531&Prime; overlay_strength=\u00a0\u00bb0.3&Prime; shape_divider_position=\u00a0\u00bbbottom\u00a0\u00bb bg_image_animation=\u00a0\u00bbnone\u00a0\u00bb shape_type=\u00a0\u00bb\u00a0\u00bb][vc_column column_padding=\u00a0\u00bbno-extra-padding\u00a0\u00bb column_padding_position=\u00a0\u00bball\u00a0\u00bb background_color_opacity=\u00a0\u00bb1&Prime; background_hover_color_opacity=\u00a0\u00bb1&Prime; column_link_target=\u00a0\u00bb_self\u00a0\u00bb column_shadow=\u00a0\u00bbnone\u00a0\u00bb column_border_radius=\u00a0\u00bbnone\u00a0\u00bb width=\u00a0\u00bb1\/1&Prime; tablet_width_inherit=\u00a0\u00bbdefault\u00a0\u00bb tablet_text_alignment=\u00a0\u00bbdefault\u00a0\u00bb phone_text_alignment=\u00a0\u00bbdefault\u00a0\u00bb overlay_strength=\u00a0\u00bb0.3&Prime;...\" \/>\n<meta property=\"og:url\" content=\"https:\/\/corsetrike.com\/?page_id=14\" \/>\n<meta property=\"og:site_name\" content=\"CORSE TRIKE\" \/>\n<meta property=\"article:modified_time\" content=\"2021-07-04T19:13:50+00:00\" \/>\n<meta name=\"twitter:card\" content=\"summary_large_image\" \/>\n<meta name=\"twitter:label1\" content=\"Dur\u00e9e de lecture estim\u00e9e\" \/>\n\t<meta name=\"twitter:data1\" content=\"1 minute\" \/>\n<script type=\"application\/ld+json\" class=\"yoast-schema-graph\">{\"@context\":\"https:\/\/schema.org\",\"@graph\":[{\"@type\":\"WebSite\",\"@id\":\"https:\/\/corsetrike.com\/#website\",\"url\":\"https:\/\/corsetrike.com\/\",\"name\":\"CORSE TRIKE\",\"description\":\"Randonn\\u00e9es et S\\u00e9jours Quad\/SSV en Corse\",\"potentialAction\":[{\"@type\":\"SearchAction\",\"target\":{\"@type\":\"EntryPoint\",\"urlTemplate\":\"https:\/\/corsetrike.com\/?s={search_term_string}\"},\"query-input\":\"required name=search_term_string\"}],\"inLanguage\":\"fr-FR\"},{\"@type\":\"WebPage\",\"@id\":\"https:\/\/corsetrike.com\/?page_id=14#webpage\",\"url\":\"https:\/\/corsetrike.com\/?page_id=14\",\"name\":\"FAQ - CORSE TRIKE\",\"isPartOf\":{\"@id\":\"https:\/\/corsetrike.com\/#website\"},\"datePublished\":\"2021-06-06T23:05:25+00:00\",\"dateModified\":\"2021-07-04T19:13:50+00:00\",\"breadcrumb\":{\"@id\":\"https:\/\/corsetrike.com\/?page_id=14#breadcrumb\"},\"inLanguage\":\"fr-FR\",\"potentialAction\":[{\"@type\":\"ReadAction\",\"target\":[\"https:\/\/corsetrike.com\/?page_id=14\"]}]},{\"@type\":\"BreadcrumbList\",\"@id\":\"https:\/\/corsetrike.com\/?page_id=14#breadcrumb\",\"itemListElement\":[{\"@type\":\"ListItem\",\"position\":1,\"name\":\"Accueil\",\"item\":\"https:\/\/corsetrike.com\/\"},{\"@type\":\"ListItem\",\"position\":2,\"name\":\"FAQ\"}]}]}<\/script>\n<!-- \/ Yoast SEO plugin. -->","yoast_head_json":{"title":"FAQ - CORSE TRIKE","robots":{"index":"index","follow":"follow","max-snippet":"max-snippet:-1","max-image-preview":"max-image-preview:large","max-video-preview":"max-video-preview:-1"},"canonical":"https:\/\/corsetrike.com\/?page_id=14","og_locale":"fr_FR","og_type":"article","og_title":"FAQ - CORSE TRIKE","og_description":"[vc_row type=\u00a0\u00bbfull_width_background\u00a0\u00bb full_screen_row_position=\u00a0\u00bbmiddle\u00a0\u00bb column_margin=\u00a0\u00bbdefault\u00a0\u00bb bg_image=\u00a0\u00bb118&Prime; bg_position=\u00a0\u00bbcenter center\u00a0\u00bb bg_repeat=\u00a0\u00bbno-repeat\u00a0\u00bb scene_position=\u00a0\u00bbcenter\u00a0\u00bb text_color=\u00a0\u00bblight\u00a0\u00bb text_align=\u00a0\u00bbleft\u00a0\u00bb top_padding=\u00a0\u00bb10%\u00a0\u00bb bottom_padding=\u00a0\u00bb10%\u00a0\u00bb color_overlay=\u00a0\u00bb#ee7531&Prime; overlay_strength=\u00a0\u00bb0.3&Prime; shape_divider_position=\u00a0\u00bbbottom\u00a0\u00bb bg_image_animation=\u00a0\u00bbnone\u00a0\u00bb shape_type=\u00a0\u00bb\u00a0\u00bb][vc_column column_padding=\u00a0\u00bbno-extra-padding\u00a0\u00bb column_padding_position=\u00a0\u00bball\u00a0\u00bb background_color_opacity=\u00a0\u00bb1&Prime; background_hover_color_opacity=\u00a0\u00bb1&Prime; column_link_target=\u00a0\u00bb_self\u00a0\u00bb column_shadow=\u00a0\u00bbnone\u00a0\u00bb column_border_radius=\u00a0\u00bbnone\u00a0\u00bb width=\u00a0\u00bb1\/1&Prime; tablet_width_inherit=\u00a0\u00bbdefault\u00a0\u00bb tablet_text_alignment=\u00a0\u00bbdefault\u00a0\u00bb phone_text_alignment=\u00a0\u00bbdefault\u00a0\u00bb overlay_strength=\u00a0\u00bb0.3&Prime;...","og_url":"https:\/\/corsetrike.com\/?page_id=14","og_site_name":"CORSE TRIKE","article_modified_time":"2021-07-04T19:13:50+00:00","twitter_card":"summary_large_image","twitter_misc":{"Dur\u00e9e de lecture estim\u00e9e":"1 minute"},"schema":{"@context":"https:\/\/schema.org","@graph":[{"@type":"WebSite","@id":"https:\/\/corsetrike.com\/#website","url":"https:\/\/corsetrike.com\/","name":"CORSE TRIKE","description":"Randonn\u00e9es et S\u00e9jours Quad\/SSV en Corse","potentialAction":[{"@type":"SearchAction","target":{"@type":"EntryPoint","urlTemplate":"https:\/\/corsetrike.com\/?s={search_term_string}"},"query-input":"required name=search_term_string"}],"inLanguage":"fr-FR"},{"@type":"WebPage","@id":"https:\/\/corsetrike.com\/?page_id=14#webpage","url":"https:\/\/corsetrike.com\/?page_id=14","name":"FAQ - CORSE TRIKE","isPartOf":{"@id":"https:\/\/corsetrike.com\/#website"},"datePublished":"2021-06-06T23:05:25+00:00","dateModified":"2021-07-04T19:13:50+00:00","breadcrumb":{"@id":"https:\/\/corsetrike.com\/?page_id=14#breadcrumb"},"inLanguage":"fr-FR","potentialAction":[{"@type":"ReadAction","target":["https:\/\/corsetrike.com\/?page_id=14"]}]},{"@type":"BreadcrumbList","@id":"https:\/\/corsetrike.com\/?page_id=14#breadcrumb","itemListElement":[{"@type":"ListItem","position":1,"name":"Accueil","item":"https:\/\/corsetrike.com\/"},{"@type":"ListItem","position":2,"name":"FAQ"}]}]}},"_links":{"self":[{"href":"https:\/\/corsetrike.com\/index.php?rest_route=\/wp\/v2\/pages\/14"}],"collection":[{"href":"https:\/\/corsetrike.com\/index.php?rest_route=\/wp\/v2\/pages"}],"about":[{"href":"https:\/\/corsetrike.com\/index.php?rest_route=\/wp\/v2\/types\/page"}],"author":[{"embeddable":true,"href":"https:\/\/corsetrike.com\/index.php?rest_route=\/wp\/v2\/users\/1"}],"replies":[{"embeddable":true,"href":"https:\/\/corsetrike.com\/index.php?rest_route=%2Fwp%2Fv2%2Fcomments&post=14"}],"version-history":[{"count":30,"href":"https:\/\/corsetrike.com\/index.php?rest_route=\/wp\/v2\/pages\/14\/revisions"}],"predecessor-version":[{"id":263,"href":"https:\/\/corsetrike.com\/index.php?rest_route=\/wp\/v2\/pages\/14\/revisions\/263"}],"wp:attachment":[{"href":"https:\/\/corsetrike.com\/index.php?rest_route=%2Fwp%2Fv2%2Fmedia&parent=14"}],"curies":[{"name":"wp","href":"https:\/\/api.w.org\/{rel}","templated":true}]}}